{"id":2685,"date":"2025-05-11T09:52:46","date_gmt":"2025-05-11T06:52:46","guid":{"rendered":"https:\/\/partyworld.ro\/fooldal\/"},"modified":"2025-06-16T19:44:11","modified_gmt":"2025-06-16T16:44:11","slug":"fooldal","status":"publish","type":"page","link":"https:\/\/partyworld.ro\/hu\/","title":{"rendered":"F\u0151oldal"},"content":{"rendered":"\t\t<div data-elementor-type=\"wp-page\" data-elementor-id=\"2685\" class=\"elementor elementor-2685 elementor-1318\" data-elementor-post-type=\"page\">\n\t\t\t\t<div class=\"elementor-element elementor-element-9e1a3b7 e-flex e-con-boxed e-con e-parent\" data-id=\"9e1a3b7\" data-element_type=\"container\" data-settings=\"{&quot;background_background&quot;:&quot;classic&quot;}\">\n\t\t\t\t\t<div class=\"e-con-inner\">\n\t\t<div class=\"elementor-element elementor-element-8f73ee5 e-con-full e-flex e-con e-child\" data-id=\"8f73ee5\" data-element_type=\"container\">\n\t\t\t\t<div class=\"elementor-element elementor-element-4a02dab elementor-widget elementor-widget-heading\" data-id=\"4a02dab\" data-element_type=\"widget\" data-widget_type=\"heading.default\">\n\t\t\t\t<div class=\"elementor-widget-container\">\n\t\t\t\t\t<h1 class=\"elementor-heading-title elementor-size-default\">Isten hozott!<\/h1>\t\t\t\t<\/div>\n\t\t\t\t<\/div>\n\t\t\t\t<div class=\"elementor-element elementor-element-93873aa elementor-widget elementor-widget-heading\" data-id=\"93873aa\" data-element_type=\"widget\" data-widget_type=\"heading.default\">\n\t\t\t\t<div class=\"elementor-widget-container\">\n\t\t\t\t\t<h1 class=\"elementor-heading-title elementor-size-default\">Party world<\/h1>\t\t\t\t<\/div>\n\t\t\t\t<\/div>\n\t\t\t\t<div class=\"elementor-element elementor-element-e46045d elementor-widget elementor-widget-text-editor\" data-id=\"e46045d\" data-element_type=\"widget\" data-widget_type=\"text-editor.default\">\n\t\t\t\t<div class=\"elementor-widget-container\">\n\t\t\t\t\t\t\t\t\t<p>Adjon otthont \u00e1lmai rendezv\u00e9ny\u00e9nek a v\u00edzparton, b\u00e9k\u00e9s, priv\u00e1t k\u00f6rnyezetben.<\/p>\t\t\t\t\t\t\t\t<\/div>\n\t\t\t\t<\/div>\n\t\t\t\t<div class=\"elementor-element elementor-element-84e5af3 elementor-align-center elementor-widget elementor-widget-button\" data-id=\"84e5af3\" data-element_type=\"widget\" data-widget_type=\"button.default\">\n\t\t\t\t<div class=\"elementor-widget-container\">\n\t\t\t\t\t\t\t\t\t<div class=\"elementor-button-wrapper\">\n\t\t\t\t\t<a class=\"elementor-button elementor-button-link elementor-size-sm\" href=\"https:\/\/partyworld.ro\/hu\/szolgaltatasok\/\">\n\t\t\t\t\t\t<span class=\"elementor-button-content-wrapper\">\n\t\t\t\t\t\t\t\t\t<span class=\"elementor-button-text\">Szolg\u00e1ltat\u00e1saink<\/span>\n\t\t\t\t\t<\/span>\n\t\t\t\t\t<\/a>\n\t\t\t\t<\/div>\n\t\t\t\t\t\t\t\t<\/div>\n\t\t\t\t<\/div>\n\t\t\t\t<\/div>\n\t\t\t\t\t<\/div>\n\t\t\t\t<\/div>\n\t\t<div class=\"elementor-element elementor-element-96bd614 e-flex e-con-boxed e-con e-parent\" data-id=\"96bd614\" data-element_type=\"container\">\n\t\t\t\t\t<div class=\"e-con-inner\">\n\t\t<div class=\"elementor-element elementor-element-f6f7e27 e-flex e-con-boxed e-con e-child\" data-id=\"f6f7e27\" data-element_type=\"container\">\n\t\t\t\t\t<div class=\"e-con-inner\">\n\t\t\t\t<div class=\"elementor-element elementor-element-d16f5b6 elementor-widget elementor-widget-heading\" data-id=\"d16f5b6\" data-element_type=\"widget\" data-widget_type=\"heading.default\">\n\t\t\t\t<div class=\"elementor-widget-container\">\n\t\t\t\t\t<h2 class=\"elementor-heading-title elementor-size-default\">Szolg\u00e1ltat\u00e1saink<\/h2>\t\t\t\t<\/div>\n\t\t\t\t<\/div>\n\t\t\t\t<div class=\"elementor-element elementor-element-49160ad elementor-widget-divider--view-line elementor-widget elementor-widget-divider\" data-id=\"49160ad\" data-element_type=\"widget\" data-widget_type=\"divider.default\">\n\t\t\t\t<div class=\"elementor-widget-container\">\n\t\t\t\t\t\t\t<div class=\"elementor-divider\">\n\t\t\t<span class=\"elementor-divider-separator\">\n\t\t\t\t\t\t<\/span>\n\t\t<\/div>\n\t\t\t\t\t\t<\/div>\n\t\t\t\t<\/div>\n\t\t<div class=\"elementor-element elementor-element-a306a4a e-flex e-con-boxed e-con e-child\" data-id=\"a306a4a\" data-element_type=\"container\">\n\t\t\t\t\t<div class=\"e-con-inner\">\n\t\t<div class=\"elementor-element elementor-element-5822dc4 e-flex e-con-boxed e-con e-child\" data-id=\"5822dc4\" data-element_type=\"container\">\n\t\t\t\t\t<div class=\"e-con-inner\">\n\t\t\t\t<div class=\"elementor-element elementor-element-85cc8cf elementor-widget__width-inherit elementor-widget elementor-widget-image\" data-id=\"85cc8cf\" data-element_type=\"widget\" data-widget_type=\"image.default\">\n\t\t\t\t<div class=\"elementor-widget-container\">\n\t\t\t\t\t\t\t\t\t\t\t\t\t\t\t<img fetchpriority=\"high\" decoding=\"async\" width=\"1536\" height=\"2048\" src=\"https:\/\/partyworld.ro\/wp-content\/uploads\/2025\/05\/fishing.jpg\" class=\"attachment-full size-full wp-image-2571\" alt=\"\" srcset=\"https:\/\/partyworld.ro\/wp-content\/uploads\/2025\/05\/fishing.jpg 1536w, https:\/\/partyworld.ro\/wp-content\/uploads\/2025\/05\/fishing-600x800.jpg 600w, https:\/\/partyworld.ro\/wp-content\/uploads\/2025\/05\/fishing-225x300.jpg 225w, https:\/\/partyworld.ro\/wp-content\/uploads\/2025\/05\/fishing-768x1024.jpg 768w, https:\/\/partyworld.ro\/wp-content\/uploads\/2025\/05\/fishing-1152x1536.jpg 1152w\" sizes=\"(max-width: 1536px) 100vw, 1536px\" \/>\t\t\t\t\t\t\t\t\t\t\t\t\t\t\t<\/div>\n\t\t\t\t<\/div>\n\t\t\t\t<div class=\"elementor-element elementor-element-66d0917 elementor-widget elementor-widget-image-box\" data-id=\"66d0917\" data-element_type=\"widget\" data-widget_type=\"image-box.default\">\n\t\t\t\t<div class=\"elementor-widget-container\">\n\t\t\t\t\t<div class=\"elementor-image-box-wrapper\"><div class=\"elementor-image-box-content\"><h3 class=\"elementor-image-box-title\">Horg\u00e1szt\u00f3<\/h3><p class=\"elementor-image-box-description\">Pihenjen \u00e9s pec\u00e1zzon a tavunkban. A 11 j\u00f3l karbantartott m\u00f3l\u00f3 \u00e9s a leny\u0171g\u00f6z\u0151 term\u00e9szeti k\u00f6rnyezet t\u00f6k\u00e9letes mened\u00e9k minden szint\u0171 horg\u00e1sz sz\u00e1m\u00e1ra.<\/p><\/div><\/div>\t\t\t\t<\/div>\n\t\t\t\t<\/div>\n\t\t<div class=\"elementor-element elementor-element-4a7c4e1 e-con-full e-flex e-con e-child\" data-id=\"4a7c4e1\" data-element_type=\"container\">\n\t\t\t\t<div class=\"elementor-element elementor-element-14739f1 elementor-align-center elementor-widget elementor-widget-button\" data-id=\"14739f1\" data-element_type=\"widget\" data-widget_type=\"button.default\">\n\t\t\t\t<div class=\"elementor-widget-container\">\n\t\t\t\t\t\t\t\t\t<div class=\"elementor-button-wrapper\">\n\t\t\t\t\t<a class=\"elementor-button elementor-button-link elementor-size-sm\" href=\"https:\/\/partyworld.ro\/hu\/steg-foglalas\/\">\n\t\t\t\t\t\t<span class=\"elementor-button-content-wrapper\">\n\t\t\t\t\t\t\t\t\t<span class=\"elementor-button-text\">Foglaljon st\u00e9get<\/span>\n\t\t\t\t\t<\/span>\n\t\t\t\t\t<\/a>\n\t\t\t\t<\/div>\n\t\t\t\t\t\t\t\t<\/div>\n\t\t\t\t<\/div>\n\t\t\t\t<div class=\"elementor-element elementor-element-4a3ea06 elementor-align-center elementor-widget elementor-widget-button\" data-id=\"4a3ea06\" data-element_type=\"widget\" data-widget_type=\"button.default\">\n\t\t\t\t<div class=\"elementor-widget-container\">\n\t\t\t\t\t\t\t\t\t<div class=\"elementor-button-wrapper\">\n\t\t\t\t\t<a class=\"elementor-button elementor-button-link elementor-size-sm\" href=\"tel:+40744589143\">\n\t\t\t\t\t\t<span class=\"elementor-button-content-wrapper\">\n\t\t\t\t\t\t\t\t\t<span class=\"elementor-button-text\">Tel.: Szil\u00e1gyi Zolt\u00e1n<\/span>\n\t\t\t\t\t<\/span>\n\t\t\t\t\t<\/a>\n\t\t\t\t<\/div>\n\t\t\t\t\t\t\t\t<\/div>\n\t\t\t\t<\/div>\n\t\t\t\t<\/div>\n\t\t\t\t\t<\/div>\n\t\t\t\t<\/div>\n\t\t<div class=\"elementor-element elementor-element-39b81fb e-flex e-con-boxed e-con e-child\" data-id=\"39b81fb\" data-element_type=\"container\">\n\t\t\t\t\t<div class=\"e-con-inner\">\n\t\t\t\t<div class=\"elementor-element elementor-element-66dde07 elementor-widget__width-inherit elementor-widget elementor-widget-image\" data-id=\"66dde07\" data-element_type=\"widget\" data-widget_type=\"image.default\">\n\t\t\t\t<div class=\"elementor-widget-container\">\n\t\t\t\t\t\t\t\t\t\t\t\t\t\t\t<img decoding=\"async\" width=\"1200\" height=\"1600\" src=\"https:\/\/partyworld.ro\/wp-content\/uploads\/2025\/05\/house_table_view.jpg\" class=\"attachment-full size-full wp-image-2575\" alt=\"\" srcset=\"https:\/\/partyworld.ro\/wp-content\/uploads\/2025\/05\/house_table_view.jpg 1200w, https:\/\/partyworld.ro\/wp-content\/uploads\/2025\/05\/house_table_view-600x800.jpg 600w, https:\/\/partyworld.ro\/wp-content\/uploads\/2025\/05\/house_table_view-225x300.jpg 225w, https:\/\/partyworld.ro\/wp-content\/uploads\/2025\/05\/house_table_view-768x1024.jpg 768w, https:\/\/partyworld.ro\/wp-content\/uploads\/2025\/05\/house_table_view-1152x1536.jpg 1152w\" sizes=\"(max-width: 1200px) 100vw, 1200px\" \/>\t\t\t\t\t\t\t\t\t\t\t\t\t\t\t<\/div>\n\t\t\t\t<\/div>\n\t\t\t\t<div class=\"elementor-element elementor-element-90cb059 elementor-widget elementor-widget-image-box\" data-id=\"90cb059\" data-element_type=\"widget\" data-widget_type=\"image-box.default\">\n\t\t\t\t<div class=\"elementor-widget-container\">\n\t\t\t\t\t<div class=\"elementor-image-box-wrapper\"><div class=\"elementor-image-box-content\"><h3 class=\"elementor-image-box-title\">Rendezv\u00e9nyh\u00e1z<\/h3><p class=\"elementor-image-box-description\">Ak\u00e1r sz\u00fclet\u00e9snapot vagy c\u00e9ges csapat\u00e9p\u00edt\u0151t tervezel, a Party World gy\u00f6ny\u00f6r\u0171 t\u00f3parti k\u00f6rnyezetet k\u00edn\u00e1l rugalmas terekkel \u00e9s szem\u00e9lyre szabott megold\u00e1sokkal, hogy esem\u00e9nyed val\u00f3ban k\u00fcl\u00f6nleges legyen.<\/p><\/div><\/div>\t\t\t\t<\/div>\n\t\t\t\t<\/div>\n\t\t<div class=\"elementor-element elementor-element-094503c e-con-full e-flex e-con e-child\" data-id=\"094503c\" data-element_type=\"container\">\n\t\t\t\t<div class=\"elementor-element elementor-element-6865da8 elementor-align-center elementor-widget elementor-widget-button\" data-id=\"6865da8\" data-element_type=\"widget\" data-widget_type=\"button.default\">\n\t\t\t\t<div class=\"elementor-widget-container\">\n\t\t\t\t\t\t\t\t\t<div class=\"elementor-button-wrapper\">\n\t\t\t\t\t<a class=\"elementor-button elementor-button-link elementor-size-sm\" href=\"https:\/\/partyworld.ro\/hu\/foglalas\/\">\n\t\t\t\t\t\t<span class=\"elementor-button-content-wrapper\">\n\t\t\t\t\t\t\t\t\t<span class=\"elementor-button-text\">Foglal\u00e1s<\/span>\n\t\t\t\t\t<\/span>\n\t\t\t\t\t<\/a>\n\t\t\t\t<\/div>\n\t\t\t\t\t\t\t\t<\/div>\n\t\t\t\t<\/div>\n\t\t\t\t<div class=\"elementor-element elementor-element-db3b286 elementor-align-center elementor-widget elementor-widget-button\" data-id=\"db3b286\" data-element_type=\"widget\" data-widget_type=\"button.default\">\n\t\t\t\t<div class=\"elementor-widget-container\">\n\t\t\t\t\t\t\t\t\t<div class=\"elementor-button-wrapper\">\n\t\t\t\t\t<a class=\"elementor-button elementor-button-link elementor-size-sm\" href=\"tel:+40%20745%20297%20336\">\n\t\t\t\t\t\t<span class=\"elementor-button-content-wrapper\">\n\t\t\t\t\t\t\t\t\t<span class=\"elementor-button-text\">Tel.: Szil\u00e1gyi Alina<\/span>\n\t\t\t\t\t<\/span>\n\t\t\t\t\t<\/a>\n\t\t\t\t<\/div>\n\t\t\t\t\t\t\t\t<\/div>\n\t\t\t\t<\/div>\n\t\t\t\t<\/div>\n\t\t\t\t\t<\/div>\n\t\t\t\t<\/div>\n\t\t\t\t\t<\/div>\n\t\t\t\t<\/div>\n\t\t\t\t\t<\/div>\n\t\t\t\t<\/div>\n\t\t\t\t\t<\/div>\n\t\t\t\t<\/div>\n\t\t<div class=\"elementor-element elementor-element-f457a2d e-flex e-con-boxed e-con e-parent\" data-id=\"f457a2d\" data-element_type=\"container\">\n\t\t\t\t\t<div class=\"e-con-inner\">\n\t\t<div class=\"elementor-element elementor-element-3b5731b e-con-full e-flex e-con e-child\" data-id=\"3b5731b\" data-element_type=\"container\">\n\t\t\t\t<div class=\"elementor-element elementor-element-51a9953 elementor-widget elementor-widget-text-editor\" data-id=\"51a9953\" data-element_type=\"widget\" data-widget_type=\"text-editor.default\">\n\t\t\t\t<div class=\"elementor-widget-container\">\n\t\t\t\t\t\t\t\t\t<p>R\u00d3LUNK<\/p>\t\t\t\t\t\t\t\t<\/div>\n\t\t\t\t<\/div>\n\t\t\t\t<div class=\"elementor-element elementor-element-375584b elementor-widget elementor-widget-heading\" data-id=\"375584b\" data-element_type=\"widget\" data-widget_type=\"heading.default\">\n\t\t\t\t<div class=\"elementor-widget-container\">\n\t\t\t\t\t<h4 class=\"elementor-heading-title elementor-size-default\">Ahol minden \u00fcnnepl\u00e9s egyedi \u00e9lm\u00e9nny\u00e9 v\u00e1lik<\/h4>\t\t\t\t<\/div>\n\t\t\t\t<\/div>\n\t\t\t\t<div class=\"elementor-element elementor-element-a98b1b9 elementor-widget elementor-widget-text-editor\" data-id=\"a98b1b9\" data-element_type=\"widget\" data-widget_type=\"text-editor.default\">\n\t\t\t\t<div class=\"elementor-widget-container\">\n\t\t\t\t\t\t\t\t\t<p>A Party Worldn\u00e9l hisz\u00fcnk abban, hogy minden \u00fcnneps\u00e9gnek felejthetetlennek kell lennie. Legyen sz\u00f3 egy meghitt \u00f6sszej\u00f6vetelr\u0151l vagy egy nagyszab\u00e1s\u00fa esem\u00e9nyr\u0151l, mi arra t\u00f6reksz\u00fcnk, hogy kreativit\u00e1ssal, energi\u00e1val \u00e9s st\u00edlussal val\u00f3s\u00edtsuk meg elk\u00e9pzel\u00e9seit. Csapatunk szenved\u00e9lyesen t\u00f6rekszik arra, hogy olyan egyedi \u00e9lm\u00e9nyeket teremtsen, amelyek maradand\u00f3 eml\u00e9keket hagynak maguk ut\u00e1n, \u00e9s mindent megtesz\u00fcnk annak \u00e9rdek\u00e9ben, hogy az \u00d6n bulija l\u00e1tv\u00e1nyos legyen. Hagyja, hogy elk\u00e9pzel\u00e9seit val\u00f3ban rendk\u00edv\u00fcli \u00fcnnepp\u00e9 var\u00e1zsoljuk.<\/p>\t\t\t\t\t\t\t\t<\/div>\n\t\t\t\t<\/div>\n\t\t\t\t<div class=\"elementor-element elementor-element-18de470 elementor-widget elementor-widget-button\" data-id=\"18de470\" data-element_type=\"widget\" data-widget_type=\"button.default\">\n\t\t\t\t<div class=\"elementor-widget-container\">\n\t\t\t\t\t\t\t\t\t<div class=\"elementor-button-wrapper\">\n\t\t\t\t\t<a class=\"elementor-button elementor-button-link elementor-size-sm\" href=\"https:\/\/partyworld.ro\/hu\/rolunk\/\">\n\t\t\t\t\t\t<span class=\"elementor-button-content-wrapper\">\n\t\t\t\t\t\t\t\t\t<span class=\"elementor-button-text\">Tudjon meg t\u00f6bbet<\/span>\n\t\t\t\t\t<\/span>\n\t\t\t\t\t<\/a>\n\t\t\t\t<\/div>\n\t\t\t\t\t\t\t\t<\/div>\n\t\t\t\t<\/div>\n\t\t\t\t<\/div>\n\t\t<div class=\"elementor-element elementor-element-162cad4 elementor-hidden-mobile e-con-full e-flex e-con e-child\" data-id=\"162cad4\" data-element_type=\"container\">\n\t\t\t\t<div class=\"elementor-element elementor-element-8aee090 elementor-widget__width-inherit elementor-widget elementor-widget-image\" data-id=\"8aee090\" data-element_type=\"widget\" data-widget_type=\"image.default\">\n\t\t\t\t<div class=\"elementor-widget-container\">\n\t\t\t\t\t\t\t\t\t\t\t\t\t\t\t<img decoding=\"async\" width=\"1200\" height=\"1600\" src=\"https:\/\/partyworld.ro\/wp-content\/uploads\/2025\/05\/party_world_about_us.jpg\" class=\"attachment-full size-full wp-image-2577\" alt=\"\" srcset=\"https:\/\/partyworld.ro\/wp-content\/uploads\/2025\/05\/party_world_about_us.jpg 1200w, https:\/\/partyworld.ro\/wp-content\/uploads\/2025\/05\/party_world_about_us-600x800.jpg 600w, https:\/\/partyworld.ro\/wp-content\/uploads\/2025\/05\/party_world_about_us-225x300.jpg 225w, https:\/\/partyworld.ro\/wp-content\/uploads\/2025\/05\/party_world_about_us-768x1024.jpg 768w, https:\/\/partyworld.ro\/wp-content\/uploads\/2025\/05\/party_world_about_us-1152x1536.jpg 1152w\" sizes=\"(max-width: 1200px) 100vw, 1200px\" \/>\t\t\t\t\t\t\t\t\t\t\t\t\t\t\t<\/div>\n\t\t\t\t<\/div>\n\t\t\t\t<\/div>\n\t\t\t\t\t<\/div>\n\t\t\t\t<\/div>\n\t\t<div class=\"elementor-element elementor-element-16ec7fa e-flex e-con-boxed e-con e-parent\" data-id=\"16ec7fa\" data-element_type=\"container\">\n\t\t\t\t\t<div class=\"e-con-inner\">\n\t\t<div class=\"elementor-element elementor-element-d13f07f e-con-full e-flex e-con e-child\" data-id=\"d13f07f\" data-element_type=\"container\">\n\t\t\t\t<div class=\"elementor-element elementor-element-ba599af elementor-widget elementor-widget-heading\" data-id=\"ba599af\" data-element_type=\"widget\" data-widget_type=\"heading.default\">\n\t\t\t\t<div class=\"elementor-widget-container\">\n\t\t\t\t\t<h1 class=\"elementor-heading-title elementor-size-default\">K\u00c9RD\u00c9SEK?<\/h1>\t\t\t\t<\/div>\n\t\t\t\t<\/div>\n\t\t\t\t<div class=\"elementor-element elementor-element-03937cd elementor-widget elementor-widget-text-editor\" data-id=\"03937cd\" data-element_type=\"widget\" data-widget_type=\"text-editor.default\">\n\t\t\t\t<div class=\"elementor-widget-container\">\n\t\t\t\t\t\t\t\t\t<p>K\u00e9rd\u00e9sei vannak a rendezv\u00e9ny\u00e9vel vagy a t\u00f3parton t\u00f6lt\u00f6tt nappal kapcsolatban? Csak k\u00e9rdezzen &#8211; sz\u00edvesen seg\u00edt\u00fcnk!<\/p>\t\t\t\t\t\t\t\t<\/div>\n\t\t\t\t<\/div>\n\t\t\t\t<div class=\"elementor-element elementor-element-639a73b elementor-align-center elementor-widget elementor-widget-button\" data-id=\"639a73b\" data-element_type=\"widget\" data-widget_type=\"button.default\">\n\t\t\t\t<div class=\"elementor-widget-container\">\n\t\t\t\t\t\t\t\t\t<div class=\"elementor-button-wrapper\">\n\t\t\t\t\t<a class=\"elementor-button elementor-button-link elementor-size-sm\" href=\"https:\/\/partyworld.ro\/hu\/kapcsolat\/\">\n\t\t\t\t\t\t<span class=\"elementor-button-content-wrapper\">\n\t\t\t\t\t\t\t\t\t<span class=\"elementor-button-text\">Besz\u00e9lj\u00fcnk most<\/span>\n\t\t\t\t\t<\/span>\n\t\t\t\t\t<\/a>\n\t\t\t\t<\/div>\n\t\t\t\t\t\t\t\t<\/div>\n\t\t\t\t<\/div>\n\t\t\t\t<\/div>\n\t\t\t\t\t<\/div>\n\t\t\t\t<\/div>\n\t\t\t\t<\/div>\n\t\t","protected":false},"excerpt":{"rendered":"<p>Isten hozott! Party world Adjon otthont \u00e1lmai rendezv\u00e9ny\u00e9nek a v\u00edzparton, b\u00e9k\u00e9s, priv\u00e1t k\u00f6rnyezetben. Szolg\u00e1ltat\u00e1saink Szolg\u00e1ltat\u00e1saink Horg\u00e1szt\u00f3 Pihenjen \u00e9s pec\u00e1zzon a tavunkban. A 11 j\u00f3l karbantartott m\u00f3l\u00f3 \u00e9s a leny\u0171g\u00f6z\u0151 term\u00e9szeti k\u00f6rnyezet t\u00f6k\u00e9letes mened\u00e9k minden szint\u0171 horg\u00e1sz sz\u00e1m\u00e1ra. Foglaljon st\u00e9get Tel.: Szil\u00e1gyi Zolt\u00e1n Rendezv\u00e9nyh\u00e1z Ak\u00e1r sz\u00fclet\u00e9snapot vagy c\u00e9ges csapat\u00e9p\u00edt\u0151t tervezel, a Party World gy\u00f6ny\u00f6r\u0171 t\u00f3parti k\u00f6rnyezetet [&hellip;]<\/p>\n","protected":false},"author":1,"featured_media":0,"parent":0,"menu_order":0,"comment_status":"closed","ping_status":"closed","template":"","meta":{"site-sidebar-layout":"no-sidebar","site-content-layout":"page-builder","ast-site-content-layout":"","site-content-style":"default","site-sidebar-style":"default","ast-global-header-display":"","ast-banner-title-visibility":"","ast-main-header-display":"","ast-hfb-above-header-display":"","ast-hfb-below-header-display":"","ast-hfb-mobile-header-display":"","site-post-title":"disabled","ast-breadcrumbs-content":"","ast-featured-img":"disabled","footer-sml-layout":"","theme-transparent-header-meta":"enabled","adv-header-id-meta":"","stick-header-meta":"","header-above-stick-meta":"","header-main-stick-meta":"","header-below-stick-meta":"","astra-migrate-meta-layouts":"default","ast-page-background-enabled":"default","ast-page-background-meta":{"desktop":{"background-color":"var(--ast-global-color-4)","background-image":"","background-repeat":"repeat","background-position":"center center","background-size":"auto","background-attachment":"scroll","background-type":"","background-media":"","overlay-type":"","overlay-color":"","overlay-opacity":"","overlay-gradient":""},"tablet":{"background-color":"","background-image":"","background-repeat":"repeat","background-position":"center center","background-size":"auto","background-attachment":"scroll","background-type":"","background-media":"","overlay-type":"","overlay-color":"","overlay-opacity":"","overlay-gradient":""},"mobile":{"background-color":"","background-image":"","background-repeat":"repeat","background-position":"center center","background-size":"auto","background-attachment":"scroll","background-type":"","background-media":"","overlay-type":"","overlay-color":"","overlay-opacity":"","overlay-gradient":""}},"ast-content-background-meta":{"desktop":{"background-color":"var(--ast-global-color-5)","background-image":"","background-repeat":"repeat","background-position":"center center","background-size":"auto","background-attachment":"scroll","background-type":"","background-media":"","overlay-type":"","overlay-color":"","overlay-opacity":"","overlay-gradient":""},"tablet":{"background-color":"var(--ast-global-color-5)","background-image":"","background-repeat":"repeat","background-position":"center center","background-size":"auto","background-attachment":"scroll","background-type":"","background-media":"","overlay-type":"","overlay-color":"","overlay-opacity":"","overlay-gradient":""},"mobile":{"background-color":"var(--ast-global-color-5)","background-image":"","background-repeat":"repeat","background-position":"center center","background-size":"auto","background-attachment":"scroll","background-type":"","background-media":"","overlay-type":"","overlay-color":"","overlay-opacity":"","overlay-gradient":""}},"footnotes":""},"class_list":["post-2685","page","type-page","status-publish","hentry"],"_links":{"self":[{"href":"https:\/\/partyworld.ro\/hu\/wp-json\/wp\/v2\/pages\/2685","targetHints":{"allow":["GET"]}}],"collection":[{"href":"https:\/\/partyworld.ro\/hu\/wp-json\/wp\/v2\/pages"}],"about":[{"href":"https:\/\/partyworld.ro\/hu\/wp-json\/wp\/v2\/types\/page"}],"author":[{"embeddable":true,"href":"https:\/\/partyworld.ro\/hu\/wp-json\/wp\/v2\/users\/1"}],"replies":[{"embeddable":true,"href":"https:\/\/partyworld.ro\/hu\/wp-json\/wp\/v2\/comments?post=2685"}],"version-history":[{"count":9,"href":"https:\/\/partyworld.ro\/hu\/wp-json\/wp\/v2\/pages\/2685\/revisions"}],"predecessor-version":[{"id":2907,"href":"https:\/\/partyworld.ro\/hu\/wp-json\/wp\/v2\/pages\/2685\/revisions\/2907"}],"wp:attachment":[{"href":"https:\/\/partyworld.ro\/hu\/wp-json\/wp\/v2\/media?parent=2685"}],"curies":[{"name":"wp","href":"https:\/\/api.w.org\/{rel}","templated":true}]}}